{"id":469,"date":"2024-08-01T10:03:21","date_gmt":"2024-08-01T08:03:21","guid":{"rendered":"https:\/\/mathieumonot.fr\/?page_id=469"},"modified":"2025-05-18T18:13:35","modified_gmt":"2025-05-18T16:13:35","slug":"ici-et-maintenant","status":"publish","type":"page","link":"https:\/\/mathieumonot.fr\/index.php\/ici-et-maintenant\/","title":{"rendered":"Ici et Maintenant"},"content":{"rendered":"<div class=\"wp-block-image\">\n<figure class=\"aligncenter size-large is-resized\"><img loading=\"lazy\" decoding=\"async\" width=\"780\" height=\"289\" src=\"https:\/\/mathieumonot.fr\/wp-content\/uploads\/2024\/08\/Ici-et-maintenant-banniere-2-780x289.jpg\" alt=\"\" class=\"wp-image-687\" style=\"width:780px;height:auto\" srcset=\"https:\/\/mathieumonot.fr\/wp-content\/uploads\/2024\/08\/Ici-et-maintenant-banniere-2-780x289.jpg 780w, https:\/\/mathieumonot.fr\/wp-content\/uploads\/2024\/08\/Ici-et-maintenant-banniere-2-300x111.jpg 300w, https:\/\/mathieumonot.fr\/wp-content\/uploads\/2024\/08\/Ici-et-maintenant-banniere-2-768x284.jpg 768w, https:\/\/mathieumonot.fr\/wp-content\/uploads\/2024\/08\/Ici-et-maintenant-banniere-2-1536x569.jpg 1536w, https:\/\/mathieumonot.fr\/wp-content\/uploads\/2024\/08\/Ici-et-maintenant-banniere-2-2048x758.jpg 2048w\" sizes=\"auto, (max-width: 780px) 100vw, 780px\" \/><\/figure>\n<\/div>\n\n\n<blockquote class=\"wp-block-quote is-layout-flow wp-block-quote-is-layout-flow\">\n<p style=\"font-style:normal;font-weight:300\"><em>En juin 2021, vous m\u2019avez fait l\u2019honneur de m\u2019\u00e9lire conseiller d\u00e9partemental de Pantin et du Pr\u00e9 Saint-Gervais.<br>Depuis lors, au c\u0153ur d\u2019une majorit\u00e9 qui r\u00e9unit toute la gauche et les \u00e9cologistes, j\u2019agis au quotidien avec une seule boussole : celle de faire sortir notre d\u00e9partement des pages des faits divers pour raconter une autre histoire.<br>Pour moi, pour nous, la Seine-Saint-Denis est avant tout un territoire divers et populaire, miroir grossissant des espoirs et des hantises de notre soci\u00e9t\u00e9. Faire r\u00e9ussir la Seine-Saint-Denis, c\u2019est pr\u00e9parer l\u2019avenir de tout un pays.<br>Il est d\u2019usage qu\u2019un \u00e9lu rende compte, \u00e0 la fin de son mandat, du bilan de son activit\u00e9. \u00c0 cet exercice impos\u00e9 et convenu, je pr\u00e9f\u00e8re vous \u00e9crire, r\u00e9guli\u00e8rement, \u00e0 travers le journal que vous tenez entre vos mains.<br>Par sa forme, \u00ab Ici et Maintenant \u00bb tente de r\u00e9interpr\u00e9ter \u2013 dans un contre-temps assum\u00e9 avec l\u2019instantan\u00e9it\u00e9 impos\u00e9e \u00e0 notre \u00e9poque \u2013 les codes de la presse populaire et politique.<br>Par son ton, il laisse la plume et la parole \u00e0 celles et ceux qui font la Seine-Saint-Denis.<br>Pourquoi \u00ab Ici et Maintenant \u00bb ?<br>C\u2019est un appel \u00e0 l\u2019engagement : il n\u2019y a pas d\u2019autres r\u00e9alit\u00e9s que celle que nous ressentons, ici et maintenant. <br>C\u2019est, ici et maintenant, que nous devons \u00e9changer, d\u00e9battre et agir pour changer notre territoire et construire des politiques publiques ambitieuses.<br>C\u2019est, aussi, ici et maintenant, que nous subissons les morsures du lib\u00e9ralisme et le poison que repr\u00e9sente la propagation d\u2019extr\u00eame-droite.<br>C\u2019est enfin, ici et maintenant, qu\u2019il nous revient de nous battre pour ma\u00eetriser le progr\u00e8s, vivre autrement et faire destin commun.<\/em><\/p>\n<\/blockquote>\n\n\n\n<div class=\"wp-block-file\"><a id=\"wp-block-file--media-d25dd3e6-84b1-45a6-976f-ac0d02e3e82b\" href=\"https:\/\/mathieumonot.fr\/wp-content\/uploads\/2024\/08\/4p-Journal-MONOT-1.pdf\">Ici et Maintenant #1<\/a><a href=\"https:\/\/mathieumonot.fr\/wp-content\/uploads\/2024\/08\/4p-Journal-MONOT-1.pdf\" class=\"wp-block-file__button wp-element-button\" download aria-describedby=\"wp-block-file--media-d25dd3e6-84b1-45a6-976f-ac0d02e3e82b\">T\u00e9l\u00e9charger<\/a><\/div>\n\n\n\n<div class=\"wp-block-file\"><a id=\"wp-block-file--media-68cd85ec-1b0c-4ee7-a727-b74bbbae3db2\" href=\"https:\/\/mathieumonot.fr\/wp-content\/uploads\/2024\/08\/JOURNAL2_MM_WEB.pdf\">Ici et Maintenant #2<\/a><a href=\"https:\/\/mathieumonot.fr\/wp-content\/uploads\/2024\/08\/JOURNAL2_MM_WEB.pdf\" class=\"wp-block-file__button wp-element-button\" download aria-describedby=\"wp-block-file--media-68cd85ec-1b0c-4ee7-a727-b74bbbae3db2\">T\u00e9l\u00e9charger<\/a><\/div>\n\n\n\n<div class=\"wp-block-file\"><a id=\"wp-block-file--media-c88278fa-7790-4010-9e21-d10a38f28ec9\" href=\"https:\/\/mathieumonot.fr\/wp-content\/uploads\/2025\/05\/JOURNAL3_MM_web.pdf\">Ici et Maintenant #3<\/a><a href=\"https:\/\/mathieumonot.fr\/wp-content\/uploads\/2025\/05\/JOURNAL3_MM_web.pdf\" class=\"wp-block-file__button wp-element-button\" download aria-describedby=\"wp-block-file--media-c88278fa-7790-4010-9e21-d10a38f28ec9\">T\u00e9l\u00e9charger<\/a><\/div>\n\n\n\n<p><\/p>\n","protected":false},"excerpt":{"rendered":"<p>En juin 2021, vous m\u2019avez fait l\u2019honneur de m\u2019\u00e9lire conseiller d\u00e9partemental de Pantin et du Pr\u00e9 Saint-Gervais.Depuis lors, au c\u0153ur d\u2019une majorit\u00e9 qui r\u00e9unit toute la gauche et les \u00e9cologistes, j\u2019agis au quotidien avec une seule boussole : celle de faire sortir notre d\u00e9partement des pages des faits divers pour raconter une autre histoire.Pour moi,&hellip;&nbsp;<a href=\"https:\/\/mathieumonot.fr\/index.php\/ici-et-maintenant\/\" rel=\"bookmark\">Lire la suite &raquo;<span class=\"screen-reader-text\">Ici et Maintenant<\/span><\/a><\/p>\n","protected":false},"author":1,"featured_media":0,"parent":0,"menu_order":0,"comment_status":"closed","ping_status":"closed","template":"","meta":{"om_disable_all_campaigns":false,"_monsterinsights_skip_tracking":false,"_monsterinsights_sitenote_active":false,"_monsterinsights_sitenote_note":"","_monsterinsights_sitenote_category":0,"_uf_show_specific_survey":0,"_uf_disable_surveys":false,"neve_meta_sidebar":"","neve_meta_container":"","neve_meta_enable_content_width":"on","neve_meta_content_width":90,"neve_meta_title_alignment":"","neve_meta_author_avatar":"","neve_post_elements_order":"","neve_meta_disable_header":"","neve_meta_disable_footer":"","neve_meta_disable_title":"","_themeisle_gutenberg_block_has_review":false,"footnotes":""},"class_list":["post-469","page","type-page","status-publish","hentry"],"yoast_head":"<!-- This site is optimized with the Yoast SEO plugin v24.6 - https:\/\/yoast.com\/wordpress\/plugins\/seo\/ -->\n<title>Ici et Maintenant - Mathieu Monot<\/title>\n<meta name=\"robots\" content=\"index, follow, max-snippet:-1, max-image-preview:large, max-video-preview:-1\" \/>\n<link rel=\"canonical\" href=\"https:\/\/mathieumonot.fr\/index.php\/ici-et-maintenant\/\" \/>\n<meta property=\"og:locale\" content=\"fr_FR\" \/>\n<meta property=\"og:type\" content=\"article\" \/>\n<meta property=\"og:title\" content=\"Ici et Maintenant - Mathieu Monot\" \/>\n<meta property=\"og:description\" content=\"En juin 2021, vous m\u2019avez fait l\u2019honneur de m\u2019\u00e9lire conseiller d\u00e9partemental de Pantin et du Pr\u00e9 Saint-Gervais.Depuis lors, au c\u0153ur d\u2019une majorit\u00e9 qui r\u00e9unit toute la gauche et les \u00e9cologistes, j\u2019agis au quotidien avec une seule boussole : celle de faire sortir notre d\u00e9partement des pages des faits divers pour raconter une autre histoire.Pour moi,&hellip;&nbsp;Lire la suite &raquo;Ici et Maintenant\" \/>\n<meta property=\"og:url\" content=\"https:\/\/mathieumonot.fr\/index.php\/ici-et-maintenant\/\" \/>\n<meta property=\"og:site_name\" content=\"Mathieu Monot\" \/>\n<meta property=\"article:modified_time\" content=\"2025-05-18T16:13:35+00:00\" \/>\n<meta property=\"og:image\" content=\"https:\/\/mathieumonot.fr\/wp-content\/uploads\/2024\/08\/Ici-et-maintenant-banniere-2-scaled.jpg\" \/>\n\t<meta property=\"og:image:width\" content=\"2560\" \/>\n\t<meta property=\"og:image:height\" content=\"948\" \/>\n\t<meta property=\"og:image:type\" content=\"image\/jpeg\" \/>\n<meta name=\"twitter:card\" content=\"summary_large_image\" \/>\n<meta name=\"twitter:label1\" content=\"Dur\u00e9e de lecture estim\u00e9e\" \/>\n\t<meta name=\"twitter:data1\" content=\"1 minute\" \/>\n<script type=\"application\/ld+json\" class=\"yoast-schema-graph\">{\"@context\":\"https:\/\/schema.org\",\"@graph\":[{\"@type\":\"WebPage\",\"@id\":\"https:\/\/mathieumonot.fr\/index.php\/ici-et-maintenant\/\",\"url\":\"https:\/\/mathieumonot.fr\/index.php\/ici-et-maintenant\/\",\"name\":\"Ici et Maintenant - Mathieu Monot\",\"isPartOf\":{\"@id\":\"https:\/\/mathieumonot.fr\/#website\"},\"primaryImageOfPage\":{\"@id\":\"https:\/\/mathieumonot.fr\/index.php\/ici-et-maintenant\/#primaryimage\"},\"image\":{\"@id\":\"https:\/\/mathieumonot.fr\/index.php\/ici-et-maintenant\/#primaryimage\"},\"thumbnailUrl\":\"https:\/\/mathieumonot.fr\/wp-content\/uploads\/2024\/08\/Ici-et-maintenant-banniere-2-780x289.jpg\",\"datePublished\":\"2024-08-01T08:03:21+00:00\",\"dateModified\":\"2025-05-18T16:13:35+00:00\",\"breadcrumb\":{\"@id\":\"https:\/\/mathieumonot.fr\/index.php\/ici-et-maintenant\/#breadcrumb\"},\"inLanguage\":\"fr-FR\",\"potentialAction\":[{\"@type\":\"ReadAction\",\"target\":[\"https:\/\/mathieumonot.fr\/index.php\/ici-et-maintenant\/\"]}]},{\"@type\":\"ImageObject\",\"inLanguage\":\"fr-FR\",\"@id\":\"https:\/\/mathieumonot.fr\/index.php\/ici-et-maintenant\/#primaryimage\",\"url\":\"https:\/\/mathieumonot.fr\/wp-content\/uploads\/2024\/08\/Ici-et-maintenant-banniere-2-scaled.jpg\",\"contentUrl\":\"https:\/\/mathieumonot.fr\/wp-content\/uploads\/2024\/08\/Ici-et-maintenant-banniere-2-scaled.jpg\",\"width\":2560,\"height\":948},{\"@type\":\"BreadcrumbList\",\"@id\":\"https:\/\/mathieumonot.fr\/index.php\/ici-et-maintenant\/#breadcrumb\",\"itemListElement\":[{\"@type\":\"ListItem\",\"position\":1,\"name\":\"Accueil\",\"item\":\"https:\/\/mathieumonot.fr\/\"},{\"@type\":\"ListItem\",\"position\":2,\"name\":\"Ici et Maintenant\"}]},{\"@type\":\"WebSite\",\"@id\":\"https:\/\/mathieumonot.fr\/#website\",\"url\":\"https:\/\/mathieumonot.fr\/\",\"name\":\"Mathieu Monot\",\"description\":\"Le site de Mathieu Monot, Conseiller d\u00e9partemental de Pantin et du Pr\u00e9 Saint-Gervais\",\"publisher\":{\"@id\":\"https:\/\/mathieumonot.fr\/#\/schema\/person\/f44f8868ff60fcf198c28da8bbd3a663\"},\"potentialAction\":[{\"@type\":\"SearchAction\",\"target\":{\"@type\":\"EntryPoint\",\"urlTemplate\":\"https:\/\/mathieumonot.fr\/?s={search_term_string}\"},\"query-input\":{\"@type\":\"PropertyValueSpecification\",\"valueRequired\":true,\"valueName\":\"search_term_string\"}}],\"inLanguage\":\"fr-FR\"},{\"@type\":[\"Person\",\"Organization\"],\"@id\":\"https:\/\/mathieumonot.fr\/#\/schema\/person\/f44f8868ff60fcf198c28da8bbd3a663\",\"name\":\"Mathieu Monot\",\"image\":{\"@type\":\"ImageObject\",\"inLanguage\":\"fr-FR\",\"@id\":\"https:\/\/mathieumonot.fr\/#\/schema\/person\/image\/\",\"url\":\"https:\/\/mathieumonot.fr\/wp-content\/uploads\/2024\/08\/cropped-MM_512X512.jpg\",\"contentUrl\":\"https:\/\/mathieumonot.fr\/wp-content\/uploads\/2024\/08\/cropped-MM_512X512.jpg\",\"width\":512,\"height\":512,\"caption\":\"Mathieu Monot\"},\"logo\":{\"@id\":\"https:\/\/mathieumonot.fr\/#\/schema\/person\/image\/\"},\"sameAs\":[\"http:\/\/mathieumonot.fr\"]}]}<\/script>\n<!-- \/ Yoast SEO plugin. -->","yoast_head_json":{"title":"Ici et Maintenant - Mathieu Monot","robots":{"index":"index","follow":"follow","max-snippet":"max-snippet:-1","max-image-preview":"max-image-preview:large","max-video-preview":"max-video-preview:-1"},"canonical":"https:\/\/mathieumonot.fr\/index.php\/ici-et-maintenant\/","og_locale":"fr_FR","og_type":"article","og_title":"Ici et Maintenant - Mathieu Monot","og_description":"En juin 2021, vous m\u2019avez fait l\u2019honneur de m\u2019\u00e9lire conseiller d\u00e9partemental de Pantin et du Pr\u00e9 Saint-Gervais.Depuis lors, au c\u0153ur d\u2019une majorit\u00e9 qui r\u00e9unit toute la gauche et les \u00e9cologistes, j\u2019agis au quotidien avec une seule boussole : celle de faire sortir notre d\u00e9partement des pages des faits divers pour raconter une autre histoire.Pour moi,&hellip;&nbsp;Lire la suite &raquo;Ici et Maintenant","og_url":"https:\/\/mathieumonot.fr\/index.php\/ici-et-maintenant\/","og_site_name":"Mathieu Monot","article_modified_time":"2025-05-18T16:13:35+00:00","og_image":[{"width":2560,"height":948,"url":"https:\/\/mathieumonot.fr\/wp-content\/uploads\/2024\/08\/Ici-et-maintenant-banniere-2-scaled.jpg","type":"image\/jpeg"}],"twitter_card":"summary_large_image","twitter_misc":{"Dur\u00e9e de lecture estim\u00e9e":"1 minute"},"schema":{"@context":"https:\/\/schema.org","@graph":[{"@type":"WebPage","@id":"https:\/\/mathieumonot.fr\/index.php\/ici-et-maintenant\/","url":"https:\/\/mathieumonot.fr\/index.php\/ici-et-maintenant\/","name":"Ici et Maintenant - Mathieu Monot","isPartOf":{"@id":"https:\/\/mathieumonot.fr\/#website"},"primaryImageOfPage":{"@id":"https:\/\/mathieumonot.fr\/index.php\/ici-et-maintenant\/#primaryimage"},"image":{"@id":"https:\/\/mathieumonot.fr\/index.php\/ici-et-maintenant\/#primaryimage"},"thumbnailUrl":"https:\/\/mathieumonot.fr\/wp-content\/uploads\/2024\/08\/Ici-et-maintenant-banniere-2-780x289.jpg","datePublished":"2024-08-01T08:03:21+00:00","dateModified":"2025-05-18T16:13:35+00:00","breadcrumb":{"@id":"https:\/\/mathieumonot.fr\/index.php\/ici-et-maintenant\/#breadcrumb"},"inLanguage":"fr-FR","potentialAction":[{"@type":"ReadAction","target":["https:\/\/mathieumonot.fr\/index.php\/ici-et-maintenant\/"]}]},{"@type":"ImageObject","inLanguage":"fr-FR","@id":"https:\/\/mathieumonot.fr\/index.php\/ici-et-maintenant\/#primaryimage","url":"https:\/\/mathieumonot.fr\/wp-content\/uploads\/2024\/08\/Ici-et-maintenant-banniere-2-scaled.jpg","contentUrl":"https:\/\/mathieumonot.fr\/wp-content\/uploads\/2024\/08\/Ici-et-maintenant-banniere-2-scaled.jpg","width":2560,"height":948},{"@type":"BreadcrumbList","@id":"https:\/\/mathieumonot.fr\/index.php\/ici-et-maintenant\/#breadcrumb","itemListElement":[{"@type":"ListItem","position":1,"name":"Accueil","item":"https:\/\/mathieumonot.fr\/"},{"@type":"ListItem","position":2,"name":"Ici et Maintenant"}]},{"@type":"WebSite","@id":"https:\/\/mathieumonot.fr\/#website","url":"https:\/\/mathieumonot.fr\/","name":"Mathieu Monot","description":"Le site de Mathieu Monot, Conseiller d\u00e9partemental de Pantin et du Pr\u00e9 Saint-Gervais","publisher":{"@id":"https:\/\/mathieumonot.fr\/#\/schema\/person\/f44f8868ff60fcf198c28da8bbd3a663"},"potentialAction":[{"@type":"SearchAction","target":{"@type":"EntryPoint","urlTemplate":"https:\/\/mathieumonot.fr\/?s={search_term_string}"},"query-input":{"@type":"PropertyValueSpecification","valueRequired":true,"valueName":"search_term_string"}}],"inLanguage":"fr-FR"},{"@type":["Person","Organization"],"@id":"https:\/\/mathieumonot.fr\/#\/schema\/person\/f44f8868ff60fcf198c28da8bbd3a663","name":"Mathieu Monot","image":{"@type":"ImageObject","inLanguage":"fr-FR","@id":"https:\/\/mathieumonot.fr\/#\/schema\/person\/image\/","url":"https:\/\/mathieumonot.fr\/wp-content\/uploads\/2024\/08\/cropped-MM_512X512.jpg","contentUrl":"https:\/\/mathieumonot.fr\/wp-content\/uploads\/2024\/08\/cropped-MM_512X512.jpg","width":512,"height":512,"caption":"Mathieu Monot"},"logo":{"@id":"https:\/\/mathieumonot.fr\/#\/schema\/person\/image\/"},"sameAs":["http:\/\/mathieumonot.fr"]}]}},"_links":{"self":[{"href":"https:\/\/mathieumonot.fr\/index.php\/wp-json\/wp\/v2\/pages\/469","targetHints":{"allow":["GET"]}}],"collection":[{"href":"https:\/\/mathieumonot.fr\/index.php\/wp-json\/wp\/v2\/pages"}],"about":[{"href":"https:\/\/mathieumonot.fr\/index.php\/wp-json\/wp\/v2\/types\/page"}],"author":[{"embeddable":true,"href":"https:\/\/mathieumonot.fr\/index.php\/wp-json\/wp\/v2\/users\/1"}],"replies":[{"embeddable":true,"href":"https:\/\/mathieumonot.fr\/index.php\/wp-json\/wp\/v2\/comments?post=469"}],"version-history":[{"count":4,"href":"https:\/\/mathieumonot.fr\/index.php\/wp-json\/wp\/v2\/pages\/469\/revisions"}],"predecessor-version":[{"id":1319,"href":"https:\/\/mathieumonot.fr\/index.php\/wp-json\/wp\/v2\/pages\/469\/revisions\/1319"}],"wp:attachment":[{"href":"https:\/\/mathieumonot.fr\/index.php\/wp-json\/wp\/v2\/media?parent=469"}],"curies":[{"name":"wp","href":"https:\/\/api.w.org\/{rel}","templated":true}]}}